{"id":4981,"date":"2022-05-11T14:23:43","date_gmt":"2022-05-11T20:23:43","guid":{"rendered":"https:\/\/speakhabla.com\/test\/?page_id=4981"},"modified":"2022-05-11T14:26:05","modified_gmt":"2022-05-11T20:26:05","slug":"terminos-y-condiciones","status":"publish","type":"page","link":"https:\/\/speakhabla.com\/test\/terminos-y-condiciones\/","title":{"rendered":"T\u00e9rminos y Condiciones"},"content":{"rendered":"<p><span style=\"font-weight: 400;\">Entre Speakhabla Language Solutions en adelante \u201c<\/span><b>COMERCIO<\/b><span style=\"font-weight: 400;\">\u201d, \u201c<\/span><b>nosotros<\/b><span style=\"font-weight: 400;\">\u201d o \u201c<\/span><b>El Comercio<\/b><span style=\"font-weight: 400;\">\u201d, y el <\/span><b>Usuario<\/b><span style=\"font-weight: 400;\">, <\/span><b>Usted<\/b><span style=\"font-weight: 400;\">, o <\/span><b>Visitante<\/b><span style=\"font-weight: 400;\">.\u00a0<\/span><\/p>\n<p><b>Lea atentamente los detalles de los siguientes t\u00e9rminos y condiciones.\u00a0<\/b><\/p>\n<p><span style=\"font-weight: 400;\">Al acceder y\/o utilizar el sitio web https:\/\/speakhabla.com\/test\/ (el \u201c<\/span><b>Sitio Web<\/b><span style=\"font-weight: 400;\">\u201d) usted (el \u201c<\/span><b>Usuario<\/b><span style=\"font-weight: 400;\">\u201d) reconoce que ha le\u00eddo, comprendido y aceptado sin limitaci\u00f3n o reservas estos t\u00e9rminos y condiciones, y su uso del Sitio Web indica su aceptaci\u00f3n como Usuario de las siguientes condiciones de uso.\u00a0<\/span><\/p>\n<p><b>Si no est\u00e1 de acuerdo con los t\u00e9rminos y condiciones, no acceda ni contin\u00fae utilizando el Sitio Web.\u00a0<\/b><\/p>\n<p><b>Pol\u00edticas de Devoluci\u00f3n y Reembolsos\u00a0<\/b><\/p>\n<p><span style=\"font-weight: 400;\">Toda devoluci\u00f3n de mercanc\u00eda y reembolsos debe ser solicitada por el Usuario dentro de un tiempo m\u00e1ximo de <\/span><b>un (1) d\u00edas <\/b><span style=\"font-weight: 400;\">calendarios desde la fecha de factura.\u00a0<\/span><\/p>\n<p><b>Motivos Del Reembolso\u00a0<\/b><\/p>\n<ol>\n<li><span style=\"font-weight: 400;\"> El producto adquirido se encuentra fuera de inventario y no es posible entregar otro de caracter\u00edsticas similares de igual o mayor precio.\u00a0<\/span><\/li>\n<li><span style=\"font-weight: 400;\"> El tiempo de entrega excede de un (1) d\u00edas h\u00e1biles desde la fecha de compra sin que el cliente reciba el producto.\u00a0<\/span><\/li>\n<li><span style=\"font-weight: 400;\"> El producto fue extraviado por el servicio de mensajer\u00eda.\u00a0<\/span><\/li>\n<li><span style=\"font-weight: 400;\"> Si el cliente ha pagado un monto incorrecto, el reembolso aplicar\u00e1 por la diferencia del mismo. 5. El producto recibido ha llegado en un color o talla no solicitado, mojado, con mal olor o ajado que da\u00f1o su estado de nuevo.\u00a0<\/span><\/li>\n<\/ol>\n<p><span style=\"font-weight: 400;\">Debido a los diferentes escenarios que puede haber en las compras en l\u00ednea, todos aquellos casos no contemplados en estas pol\u00edticas se revisar\u00e1n y procesar\u00e1n individualmente por los agentes de atenci\u00f3n al cliente.\u00a0<\/span><\/p>\n<p><b>Requisitos\u00a0<\/b><\/p>\n<p><span style=\"font-weight: 400;\">El cliente que desee solicitar un reembolso deber\u00e1 escribir al correo electr\u00f3nico estipulado en \u201c<\/span><b>Contacto y Notificaciones<\/b><span style=\"font-weight: 400;\">\u201d y proveer la siguiente Informaci\u00f3n:\u00a0<\/span><\/p>\n<ol>\n<li><span style=\"font-weight: 400;\"> N\u00famero de factura. (Enviada por email al completar el pago):\u00a0<\/span><\/li>\n<li><span style=\"font-weight: 400;\"> Descripci\u00f3n del art\u00edculo y\/o pedido.\u00a0<\/span><\/li>\n<li><span style=\"font-weight: 400;\"> Motivo por el cual se solicita el reembolso.\u00a0<\/span><\/li>\n<li><span style=\"font-weight: 400;\"> Forma de pago con la que se adquiri\u00f3 la compra.\u00a0<\/span><\/li>\n<\/ol>\n<p><span style=\"font-weight: 400;\">En caso que sea necesario el env\u00edo del pedido a El Comercio, las condiciones del mismo deber\u00e1n ser evaluadas antes de proceder a un posible reembolso.\u00a0<\/span><\/p>\n<p><span style=\"font-weight: 400;\">Confirmada la recepci\u00f3n de la solicitud de reembolso, se proceder\u00e1 a revisar la misma. La recepci\u00f3n de la solicitud no implica la autorizaci\u00f3n del reembolso.\u00a0<\/span><\/p>\n<p><span style=\"font-weight: 400;\">La solicitud de reembolso se analizar\u00e1 y se dar\u00e1 avis\u00f3 al cliente, tanto en casos de proceder como en aquellos casos donde se decline el reclamo, conjunto con los motivos correspondientes. Dependiendo del caso, los gastos de env\u00edo para la devoluci\u00f3n del pedido podr\u00edan correr por cuenta del cliente.\u00a0<\/span><\/p>\n<p><b>Tiempos<\/b><span style=\"font-weight: 400;\">: Los tiempos estimados para el procesamiento de un reembolso, una vez autorizado el <\/span><span style=\"font-weight: 400;\">1<\/span><\/p>\n<p><span style=\"font-weight: 400;\">mismo, es de <\/span><b>5-10 d\u00edas h\u00e1biles<\/b><span style=\"font-weight: 400;\">, la acreditaci\u00f3n de fondos en caso de pago con tarjeta depender\u00e1 de los tiempos de procesamiento de su banco emisor.\u00a0<\/span><\/p>\n<p><b>Pol\u00edticas de Env\u00edo\u00a0<\/b><\/p>\n<p><span style=\"font-weight: 400;\">Estas Pol\u00edticas son v\u00e1lidas para el Sitio Web, y se da por entendido que al momento de comprar cualquiera de nuestros productos o servicios el cliente acepta los t\u00e9rminos, condiciones y pol\u00edticas de entrega especificados a continuaci\u00f3n.\u00a0<\/span><\/p>\n<ol>\n<li><span style=\"font-weight: 400;\"> RECEPCI\u00d3N DE LA MERCANC\u00cdA: Es condici\u00f3n indispensable que en el momento de la recepci\u00f3n de la mercanc\u00eda se indique en el albar\u00e1n que se firma al transportista, cualquier incidencia que pueda haber en el estado de la misma o del embalaje y se comunique al equipo de atenci\u00f3n al cliente de El Comercio dicha incidencia por e-mail al correo indicado en el apartado \u201cContacto y Notificaciones\u201d en un plazo m\u00e1ximo de 12 horas desde la recepci\u00f3n del paquete. Si el paquete presenta da\u00f1os importantes con los cuales se cree que el producto pudiese haber sufrido da\u00f1os deber\u00e1 ser rechazado y se deber\u00e1 notificar a El Comercio de forma inmediata.\u00a0<\/span><\/li>\n<li><span style=\"font-weight: 400;\"> DEVOLUCI\u00d3N DE MERCANC\u00cdA El cliente dispondr\u00e1 de un plazo no mayor a 12 horas a partir de la recepci\u00f3n del producto para enviar a El Comercio cualquier reclamaci\u00f3n en relaci\u00f3n al producto suministrado. Despu\u00e9s de ese plazo los productos ser\u00e1n considerados como conformes por el cliente. El reclamo deber\u00e1 realizarse a trav\u00e9s del correo electr\u00f3nico estipulado en la secci\u00f3n \u201cContacto y Notificaciones\u201d. El Comercio no se hace responsable y se reserva el derecho de rechazar posibles devoluciones en caso de mercanc\u00eda en mal estado por uso indebido o da\u00f1os de transporte por parte del USUARIO. Los gastos de env\u00edo para la devoluci\u00f3n de UN pedido correr\u00e1n por cuenta del cliente. 3.- HORARIOS DE ENTREGA: Los horarios de gesti\u00f3n de su compra mediante el Sitio Web, son: de Lunes a Sabado de 08:00 am a 05:00 pm, entendiendo que este proceso implica la recepci\u00f3n del pedido en el sistema, verificaci\u00f3n del pago, solicitud de despacho en bodega, facturaci\u00f3n, empaque, creaci\u00f3n de gu\u00eda y entrega. El Comercio realiza las entregas de acuerdo a los horarios de funcionamiento y entrega establecidos por las empresas encargadas del servicio de entrega. El cliente acepta que deber\u00e1 contar con una persona para recibir su compra en la direcci\u00f3n de entrega proporcionada. El cliente acepta que si su pedido de compra se ha registrado fuera de los horarios de recepci\u00f3n de compras, ser\u00e1 enviado en el siguiente rango de horario inmediato disponible. <\/span><b>IMPORTANTE<\/b><span style=\"font-weight: 400;\">: Los pedidos de compra hechos por internet fuera del horario o en feriado nacional, ser\u00e1n procesados al siguiente d\u00eda inmediato laborable.\u00a0<\/span><\/li>\n<\/ol>\n<p><b>Pol\u00edticas de servicio\u00a0<\/b><\/p>\n<p><span style=\"font-weight: 400;\">Estas Pol\u00edticas son v\u00e1lidas para el sitio el Sitio Web de El Comercio y se da por entendido que al momento de comprar cualquiera de nuestros productos o servicios el cliente acepta las pol\u00edticas de servicio especificados a continuaci\u00f3n.\u00a0<\/span><\/p>\n<p><span style=\"font-weight: 400;\">1.- RECEPCI\u00d3N DEL SERVICIO: Una vez enviado y procesado el servicio, mediante nuestro portal, Aceptaremos anulaciones de cualquier pedido de compra dentro de las siguientes 12 horas de solicitado, siempre y cuando no se haya procedido a la facturaci\u00f3n y prestaci\u00f3n del mismo. En este caso, el cliente deber\u00e1 solicitar el reembolso o anulaci\u00f3n del pago , para que se proceda a su devoluci\u00f3n, mediante el m\u00e9todo de pago que utilizo para realizar el mismo, o aquel que acuerden con El Comercio, siempre que cumpla con las condiciones anteriormente explicadas. Para anular su pedido de compra o alguno de los servicios del mismo, el cliente deber\u00e1 ponerse en contacto con nosotros a trav\u00e9s del Centro de Servicio al Cliente, al correo electr\u00f3nico indicado en la secci\u00f3n \u201c<\/span><b>Contacto y Notificaciones<\/b><span style=\"font-weight: 400;\">\u201d de este contrato.\u00a0<\/span><\/p>\n<p><b>Pol\u00edticas Generales\u00a0<\/b><\/p>\n<p><span style=\"font-weight: 400;\">2<\/span><\/p>\n<p><span style=\"font-weight: 400;\">1.- PAGOS: El cliente se obliga a pagar \/ liquidar\/ cancelar el pedido de compra realizado por el Sitio Web en su totalidad. El tipo de pago ser\u00e1 seleccionado en el check out, y las opciones pueden incluir pagos por medio de tarjeta de cr\u00e9dito, Transferencia (SINPE; SWIFT; Otros) y\/o Paypal. 2.- POL\u00cdTICAS DEL PEDIDO: El cliente deber\u00e1 proporcionar los datos completos del domicilio del destinatario. El Comercio se reserva el derecho de no entregar informaci\u00f3n al cliente en caso \u00e9ste haya incurrido en entrega de informaci\u00f3n parcial o enga\u00f1osa de su identidad.\u00a0<\/span><\/p>\n<p><span style=\"font-weight: 400;\">3.- POLITICAS DE ENTREGA: El Comercio hace entregas a nivel nacional e internacional, sujeto a la disponibilidad de entrega determinada por El Comercio, aplicando restricciones relacionadas a la ubicaci\u00f3n que proporcione el cliente y que dificulte o imposibilite la entrega. El cliente se obliga a proporcionar la informaci\u00f3n necesaria del destinatario para efectuar la entrega del producto solicitado. Cualquier error o falta de informaci\u00f3n al respecto, ser\u00e1 de entera responsabilidad del cliente. El tiempo estimado de entrega depender\u00e1 del servicio contratado y del lugar de entrega.\u00a0<\/span><\/p>\n<p><span style=\"font-weight: 400;\">4.- CANCELACIONES: Una vez enviado y procesado el Pedido de Compra, mediante nuestro portal, se aceptar\u00e1n anulaciones de cualquier pedido de compra dentro de las siguientes 12 horas de solicitado, siempre y cuando no se haya procedido a la facturaci\u00f3n y despacho del mismo. En este caso, el cliente deber\u00e1 solicitar el reembolso o anulaci\u00f3n del pago a trav\u00e9s de Servicio al Cliente, utilizando los medios de contacto en el apartado \u201cContacto y Notificaciones\u201d.\u00a0<\/span><\/p>\n<p><span style=\"font-weight: 400;\">5.- L\u00cdMITE Y RESPONSABILIDAD: Uso de banca en l\u00ednea sin autorizaci\u00f3n del due\u00f1o o con credenciales. No nos hacemos responsables por compras hechas con manejo de tarjetas de cr\u00e9dito sin autorizaci\u00f3n previa del due\u00f1o o por el uso de credenciales robadas; entendi\u00e9ndose que la persona que realiza la compra est\u00e1 plenamente facultada para realizar la transacci\u00f3n y que, por lo tanto, no podemos negarnos a tramitarla. El realizar transacciones por internet sin el consentimiento previo del due\u00f1o se constituye un fraude el cual est\u00e1 penado por la legislaci\u00f3n aplicable.\u00a0<\/span><\/p>\n<p><span style=\"font-weight: 400;\">No aceptamos bajo ninguna circunstancia, cualquier pago no reconocido por parte del cliente por la falta de conocimiento de la forma de cobro o por desacuerdos con la entrega. El hecho de establecer una reclamaci\u00f3n con el banco, desconociendo con esto su compra, implica una sospecha de fraude potencial; por lo que con la informaci\u00f3n del pedido, firma de recepci\u00f3n del pedido por parte del destinatario, se tendr\u00e1n suficientes pruebas para sustentar el reclamo que se interponga. Ser\u00e1 entonces de vital importancia que el cliente se ponga siempre en contacto con nosotros para aclarar cualquier punto.\u00a0<\/span><\/p>\n<p><span style=\"font-weight: 400;\">6.- PROTECCION AL CONSUMIDOR: Nos comprometemos a acatar lo dispuesto por la Ley de Protecci\u00f3n y Defensa del Consumidor y los lineamientos en cuanto a Pol\u00edtica de Privacidad.\u00a0<\/span><\/p>\n<p><span style=\"font-weight: 400;\">7.- NO PREVISTOS: Cualquier situaci\u00f3n no prevista en estas pol\u00edticas, ser\u00e1n resueltas por nuestro Servicio al Cliente. En todo momento se verificar\u00e1 bajo la filosof\u00eda de m\u00e1xima satisfacci\u00f3n del cliente, el cumplimiento de nuestros acuerdos, bajo el entendimiento que existir\u00e1n agentes externos a nosotros que nos impedir\u00e1n cumplir con nuestro prop\u00f3sito.\u00a0<\/span><\/p>\n<p><span style=\"font-weight: 400;\">8.- SEGURIDAD DE LA INFORMACI\u00d3N: La transferencia de datos personales y la integridad del Sitio Web la protegemos utilizando tecnolog\u00eda de codificaci\u00f3n SSL (Secure Sockets Layer) como canal seguro en las transacciones que usted realiza.\u00a0<\/span><\/p>\n<p><span style=\"font-weight: 400;\">9.- DISPONIBILIDAD Y PRECIOS: Los precios est\u00e1n expresados en US Dollar USD 840. As\u00ed mismo podr\u00e1n estar sujetos a cambio sin previo aviso. El Comercio asegura la disponibilidad de los productos y servicios que se muestran en el portal. De presentarse una situaci\u00f3n, de falta de disponibilidad, El Comercio informar\u00e1 oportunamente a sus clientes, mediante correo electr\u00f3nico de nuestro Servicio al Cliente, sobre esta situaci\u00f3n ajena a nuestro control, indicando el motivo por el cual el servicio no puede ser entregado dentro del tiempo estimado de entrega. 10.- CONFIDENCIALIDAD: Los datos proporcionados por el Usuario ser\u00e1n considerados confidenciales y de uso limitado por el Sitio Web, seg\u00fan los t\u00e9rminos y condiciones aqu\u00ed planteados. No obstante, El Comercio podr\u00e1 compartir o transferir los datos proporcionados por el Usuario con empresas relacionadas a El Comercio y\/o terceros, con el fin de ejecutar sus obligaciones y ofrecer sus servicios a el Usuario.\u00a0<\/span><\/p>\n<p><span style=\"font-weight: 400;\">El Comercio podr\u00e1 revelar dicha informaci\u00f3n en los siguientes casos: (a) si fuese requerida por una autoridad judicial o administrativa; (b) si fuese necesario a fin de ejercer sus derechos bajo los\u00a0<\/span><\/p>\n<p><span style=\"font-weight: 400;\">3<\/span><\/p>\n<p><span style=\"font-weight: 400;\">T\u00e9rminos y Condiciones; (c) si dichos datos fueran de utilidad para la protecci\u00f3n de derechos de terceros; y\/o (d) cuando resulten \u00fatil para la protecci\u00f3n de los derechos, propiedad o seguridad de El Comercio, personas vinculadas a misma, empleados, los Usuarios o el p\u00fablico en general.\u00a0<\/span><\/p>\n<p><b>Propiedad intelectual e industrial\u00a0<\/b><\/p>\n<ol>\n<li><span style=\"font-weight: 400;\">a) El Sitio Web y sus contenidos, incluidos los dise\u00f1os, textos, gr\u00e1ficos, logos, logotipos, iconos, botones, c\u00f3digos de fuente, im\u00e1genes, videos y recopilaciones de datos, as\u00ed como el software, los nombres comerciales, las marcas, obras, ilustraciones, fotograf\u00edas o dibujos industriales y cualesquiera otros signos susceptibles de utilizaci\u00f3n industrial y comercial (i) son propiedad y titularidad de El Comercioo y\/o de terceros titulares de los mismos que han autorizado debidamente su inclusi\u00f3n en el Sitio Web y (ii) est\u00e1n protegidos por la legislaci\u00f3n nacional e internacional sobre propiedad intelectual e industrial.\u00a0<\/span><\/li>\n<li><span style=\"font-weight: 400;\">b) En ning\u00fan caso se entender\u00e1 que El Comercio concede licencia alguna o efect\u00faa renuncia, transmisi\u00f3n, cesi\u00f3n total o parcial de dichos derechos ni se confiere ning\u00fan derecho ni expectativa de derecho, y en especial, de alteraci\u00f3n, transformaci\u00f3n, explotaci\u00f3n, reproducci\u00f3n, distribuci\u00f3n o comunicaci\u00f3n p\u00fablica sobre dichos contenidos sin la previa autorizaci\u00f3n expresa y escrita de El Comercio de los titulares correspondientes.\u00a0<\/span><\/li>\n<li><span style=\"font-weight: 400;\">c) Los materiales gr\u00e1ficos, logotipos, encabezados de p\u00e1ginas, frases publicitarias, iconos de botones, textos escritos y nombres de servicios que sean propiedad de El Comercio no se pueden usar en relaci\u00f3n a ning\u00fan producto o servicio que pueda causar confusi\u00f3n entre los clientes o usuarios y en ninguna forma que desprestigie o desacredite a El Comercio.\u00a0<\/span><\/li>\n<li><span style=\"font-weight: 400;\">d) Las dem\u00e1s marcas comerciales que no sean de propiedad de El Comercio y que aparezcan en este Sitio Web pertenecen a sus respectivos due\u00f1os, puesto que El Comercio respeta la propiedad intelectual de otros.\u00a0<\/span><\/li>\n<li><span style=\"font-weight: 400;\">e) Ning\u00fan producto, imagen o sonido pueden ser reproducidos, duplicados, copiados, vendidos, revendidos, visitados o explotados para ning\u00fan fin, total o parcialmente, sin el consentimiento escrito previo de El Comercio, as\u00ed mismo toda la informaci\u00f3n contenida en este sitio web es exclusiva para el uso personal del cliente o usuario no se podr\u00e1 copiar, modificar, reproducir, total o parcialmente, vender, publicar ni distribuir con fines comerciales ni de otra naturaleza. No est\u00e1 permitido usar este sitio web para promover con alg\u00fan prop\u00f3sito comercial, incluida cualquier actividad publicitaria o de generaci\u00f3n de ingresos publicitarios en sitios web distintos a este.\u00a0<\/span><\/li>\n<\/ol>\n<p><b>Obligaciones de los Usuarios\u00a0<\/b><\/p>\n<p><span style=\"font-weight: 400;\">Con car\u00e1cter general los Usuarios deber\u00e1n obrar siempre conforme a la ley, a las buenas costumbres y a las exigencias de la buena fe, empleando la diligencia debida y absteni\u00e9ndose de utilizar el Sitio Web de cualquier forma que pueda impedir, da\u00f1ar o deteriorar el normal funcionamiento del Sitio Web, los bienes o derechos de El Comercio, sus proveedores, el resto de usuarios o en general de cualquier tercero.\u00a0<\/span><\/p>\n<p><span style=\"font-weight: 400;\">Concretamente, y sin que ello implique restricci\u00f3n alguna al apartado anterior, durante el uso del Sitio Web, el Usuario est\u00e1 obligado a:\u00a0<\/span><\/p>\n<ol>\n<li><span style=\"font-weight: 400;\">a) Facilitar informaci\u00f3n veraz sobre los datos solicitados en el formulario de realizaci\u00f3n del pedido. b) No introducir, almacenar o difundir en o desde el Sitio Web, cualquier informaci\u00f3n o material que fuera difamatorio, injurioso, obsceno, amenazador, xen\u00f3fobo, incite a la violencia, a la discriminaci\u00f3n por raz\u00f3n de raza, sexo, ideolog\u00eda\u00eda, religi\u00f3n o que de cualquier forma atente contra la moral, el orden p\u00fablico, los derechos fundamentales, las libertades p\u00fablicas, el honor, la intimidad o la imagen de\u00a0<\/span><\/li>\n<\/ol>\n<p><span style=\"font-weight: 400;\">terceros y en general la normativa vigente.\u00a0<\/span><\/p>\n<p><span style=\"font-weight: 400;\">4<\/span><\/p>\n<ol>\n<li><span style=\"font-weight: 400;\">c) No introducir, almacenar o difundir mediante la Web ning\u00fan programa, datos, virus, cc\u00f3digo, o cualquier otro dispositivo electr\u00f3nico o f\u00edsico que sea susceptible de causar da\u00f1os en el Sitio Web, en cualquiera de los servicios, o en cualquiera de los equipos, sistemas o redes de El Comercio, de cualquier otro usuario, de los proveedores de El Comercio o en general de cualquier tercero.\u00a0<\/span><\/li>\n<li><span style=\"font-weight: 400;\">d) No realizar actividades publicitarias o de explotaci\u00f3n comercial a trav\u00e9s del Sitio Web, y a no utilizar los contenidos y la informaci\u00f3n del mismo para remitir publicidad, o enviar mensajes con cualquier otro fin comercial, ni para recoger o almacenar datos personales de terceros.\u00a0<\/span><\/li>\n<li><span style=\"font-weight: 400;\">e) No utilizar identidades falsas, ni suplantar la identidad de otros en la utilizaci\u00f3n del Sitio Web o en la utilizaci\u00f3n de cualquiera de los servicios del mismo, incluyendo la utilizaci\u00f3n en su caso de contrase\u00f1as o claves de acceso de terceros o de cualquier otra forma.\u00a0<\/span><\/li>\n<li><span style=\"font-weight: 400;\">f) No destruir, alterar, utilizar para otro uso, inutilizar o da\u00f1ar los datos, informaciones, programas o documentos electr\u00f3nicos de El Comercio, nuestros proveedores o terceros.\u00a0<\/span><\/li>\n<li><span style=\"font-weight: 400;\">g) No introducir, almacenar o difundir mediante el Sitio Web cualquier contenido que infrinja derechos de propiedad intelectual, industrial o secretos empresariales de terceros, ni en general ning\u00fan contenido del cual no ostentara, de conformidad con la ley, el derecho a ponerlo a disposici\u00f3n de tercero.\u00a0<\/span><\/li>\n<\/ol>\n<p><b>Legislaci\u00f3n aplicable y jurisdicci\u00f3n competente\u00a0<\/b><\/p>\n<p><span style=\"font-weight: 400;\">Las condiciones de uso del Sitio Web se someten a la legislaci\u00f3n Costa Rica y las controversias surgidas de las mismas se resolver\u00e1n ante los Juzgados y Tribunales de Costa Rica, los cuales tendr\u00e1n competencia exclusiva y excluyente frente a cualquier otro foro.\u00a0<\/span><\/p>\n<p><b>Contacto y Notificaciones\u00a0<\/b><\/p>\n<ol>\n<li><span style=\"font-weight: 400;\">a) Notificaciones a El Comercio:\u00a0<\/span><\/li>\n<\/ol>\n<p><span style=\"font-weight: 400;\">Para cualquier pregunta o incidencia con el uso del Sitio Web, o una compra se deber\u00e1 contactar: Por tel\u00e9fono: (+506) 71714122\u00a0<\/span><\/p>\n<p><span style=\"font-weight: 400;\">Por correo electr\u00f3nico: accounting@speakhabla.com\u00a0<\/span><\/p>\n<p><span style=\"font-weight: 400;\">Por correo postal: Direcci\u00f3n 1: Puriscal, San Jos\u00e9\u00a0<\/span><\/p>\n<p><span style=\"font-weight: 400;\">Ciudad: Puriscal\u00a0<\/span><\/p>\n<p><span style=\"font-weight: 400;\">Estado \/ Provincia: San Jos\u00e9\u00a0<\/span><\/p>\n<p><span style=\"font-weight: 400;\">C\u00f3digo Postal: 10401\u00a0<\/span><\/p>\n<p><span style=\"font-weight: 400;\">, Costa Rica\u00a0<\/span><\/p>\n<p><span style=\"font-weight: 400;\">Solo se considerar\u00e1 que una notificaci\u00f3n, o cualquier otro tipo de comunicaci\u00f3n a El Comercio ha sido v\u00e1lidamente cursada cuando se dirija a la anterior direcci\u00f3n de correo electr\u00f3nico.\u00a0<\/span><\/p>\n<ol>\n<li><span style=\"font-weight: 400;\">b) Notificaciones a el Usuario:\u00a0<\/span><\/li>\n<\/ol>\n<p><span style=\"font-weight: 400;\">Se considerar\u00e1 que una notificaci\u00f3n, o cualquier otro tipo de comunicaci\u00f3n, hecha al Usuario, ha sido v\u00e1lidamente cursada cuando se dirija a una direcci\u00f3n virtual que haya sido suministrada por el Usuario o desde la cual \u00e9ste opere.\u00a0<\/span><\/p>\n","protected":false},"excerpt":{"rendered":"<p>Entre Speakhabla Language Solutions en adelante \u201cCOMERCIO\u201d, \u201cnosotros\u201d o \u201cEl Comercio\u201d, y el Usuario, Usted, o Visitante.\u00a0 Lea atentamente los detalles de los siguientes t\u00e9rminos y condiciones.\u00a0 Al acceder y\/o utilizar el sitio web https:\/\/speakhabla.com\/test\/ (el \u201cSitio Web\u201d) usted (el \u201cUsuario\u201d) reconoce que ha le\u00eddo, comprendido y aceptado sin limitaci\u00f3n o reservas estos t\u00e9rminos y [&hellip;]<\/p>\n","protected":false},"author":4,"featured_media":0,"parent":0,"menu_order":0,"comment_status":"closed","ping_status":"closed","template":"","meta":{"_et_pb_use_builder":"","_et_pb_old_content":"","_et_gb_content_width":"","footnotes":""},"class_list":["post-4981","page","type-page","status-publish","hentry"],"_links":{"self":[{"href":"https:\/\/speakhabla.com\/test\/wp-json\/wp\/v2\/pages\/4981","targetHints":{"allow":["GET"]}}],"collection":[{"href":"https:\/\/speakhabla.com\/test\/wp-json\/wp\/v2\/pages"}],"about":[{"href":"https:\/\/speakhabla.com\/test\/wp-json\/wp\/v2\/types\/page"}],"author":[{"embeddable":true,"href":"https:\/\/speakhabla.com\/test\/wp-json\/wp\/v2\/users\/4"}],"replies":[{"embeddable":true,"href":"https:\/\/speakhabla.com\/test\/wp-json\/wp\/v2\/comments?post=4981"}],"version-history":[{"count":0,"href":"https:\/\/speakhabla.com\/test\/wp-json\/wp\/v2\/pages\/4981\/revisions"}],"wp:attachment":[{"href":"https:\/\/speakhabla.com\/test\/wp-json\/wp\/v2\/media?parent=4981"}],"curies":[{"name":"wp","href":"https:\/\/api.w.org\/{rel}","templated":true}]}}